{"id":2035,"date":"2024-10-21T20:42:57","date_gmt":"2024-10-21T20:42:57","guid":{"rendered":"https:\/\/adriensautier.com\/?page_id=2035"},"modified":"2024-12-31T13:34:30","modified_gmt":"2024-12-31T12:34:30","slug":"abumpliz","status":"publish","type":"page","link":"https:\/\/adriensautier.com\/fr\/abumpliz\/","title":{"rendered":"\u00c0 B\u00fcmpliz derri\u00e8re la lune"},"content":{"rendered":"<div data-elementor-type=\"wp-page\" data-elementor-id=\"2035\" class=\"elementor elementor-2035\">\n\t\t\t\t<div class=\"elementor-element elementor-element-35d8a15a e-con-full e-flex e-con e-parent\" data-id=\"35d8a15a\" data-element_type=\"container\">\n\t\t<div class=\"elementor-element elementor-element-0da7205 e-grid e-con-boxed e-con e-child\" data-id=\"0da7205\" data-element_type=\"container\">\n\t\t\t\t\t<div class=\"e-con-inner\">\n\t\t\t\t<div class=\"elementor-element elementor-element-edf5327 elementor-widget__width-inherit elementor-widget elementor-widget-text-editor\" data-id=\"edf5327\" data-element_type=\"widget\" data-widget_type=\"text-editor.default\">\n\t\t\t\t<div class=\"elementor-widget-container\">\n\t\t\t\t\t\t\t\t\t<p><a href=\"https:\/\/adriensautier.com\/fr\/photography\/\">\u2190<\/a><a href=\"https:\/\/adriensautier.com\/fr\/photography\/\"> Retour<\/a><\/p>\t\t\t\t\t\t\t\t<\/div>\n\t\t\t\t<\/div>\n\t\t\t\t<div class=\"elementor-element elementor-element-6c2a771 elementor-widget__width-inherit elementor-widget elementor-widget-text-editor\" data-id=\"6c2a771\" data-element_type=\"widget\" data-widget_type=\"text-editor.default\">\n\t\t\t\t<div class=\"elementor-widget-container\">\n\t\t\t\t\t\t\t\t\t<p>Galerie : \u00c0 B\u00fcmpliz derri\u00e8re la lune<\/p>\t\t\t\t\t\t\t\t<\/div>\n\t\t\t\t<\/div>\n\t\t\t\t\t<\/div>\n\t\t\t\t<\/div>\n\t\t\t\t<div class=\"elementor-element elementor-element-cddadc5 elementor-widget elementor-widget-image-gallery\" data-id=\"cddadc5\" data-element_type=\"widget\" data-widget_type=\"image-gallery.default\">\n\t\t\t\t<div class=\"elementor-widget-container\">\n\t\t\t\t\t\t\t<div class=\"elementor-image-gallery\">\n\t\t\t<div id='gallery-1' class='gallery galleryid-2035 gallery-columns-3 gallery-size-large'><figure class='gallery-item'>\n\t\t\t<div class='gallery-icon landscape'>\n\t\t\t\t<a data-elementor-open-lightbox=\"no\" href='https:\/\/adriensautier.com\/wp-content\/uploads\/2024\/10\/bumpliz-1-2.jpg'><img fetchpriority=\"high\" decoding=\"async\" width=\"1024\" height=\"819\" src=\"https:\/\/adriensautier.com\/wp-content\/uploads\/2024\/10\/bumpliz-1-2-1024x819.jpg\" class=\"attachment-large size-large\" alt=\"\" srcset=\"https:\/\/adriensautier.com\/wp-content\/uploads\/2024\/10\/bumpliz-1-2-1024x819.jpg 1024w, https:\/\/adriensautier.com\/wp-content\/uploads\/2024\/10\/bumpliz-1-2-300x240.jpg 300w, https:\/\/adriensautier.com\/wp-content\/uploads\/2024\/10\/bumpliz-1-2-768x614.jpg 768w, https:\/\/adriensautier.com\/wp-content\/uploads\/2024\/10\/bumpliz-1-2-1536x1229.jpg 1536w, https:\/\/adriensautier.com\/wp-content\/uploads\/2024\/10\/bumpliz-1-2-2048x1638.jpg 2048w\" sizes=\"(max-width: 1024px) 100vw, 1024px\" \/><\/a>\n\t\t\t<\/div><\/figure><figure class='gallery-item'>\n\t\t\t<div class='gallery-icon landscape'>\n\t\t\t\t<a data-elementor-open-lightbox=\"no\" href='https:\/\/adriensautier.com\/wp-content\/uploads\/2024\/10\/bumpliz-2-1.jpg'><img decoding=\"async\" width=\"1024\" height=\"819\" src=\"https:\/\/adriensautier.com\/wp-content\/uploads\/2024\/10\/bumpliz-2-1-1024x819.jpg\" class=\"attachment-large size-large\" alt=\"\" srcset=\"https:\/\/adriensautier.com\/wp-content\/uploads\/2024\/10\/bumpliz-2-1-1024x819.jpg 1024w, https:\/\/adriensautier.com\/wp-content\/uploads\/2024\/10\/bumpliz-2-1-300x240.jpg 300w, https:\/\/adriensautier.com\/wp-content\/uploads\/2024\/10\/bumpliz-2-1-768x614.jpg 768w, https:\/\/adriensautier.com\/wp-content\/uploads\/2024\/10\/bumpliz-2-1-1536x1229.jpg 1536w, https:\/\/adriensautier.com\/wp-content\/uploads\/2024\/10\/bumpliz-2-1-2048x1638.jpg 2048w\" sizes=\"(max-width: 1024px) 100vw, 1024px\" \/><\/a>\n\t\t\t<\/div><\/figure><figure class='gallery-item'>\n\t\t\t<div class='gallery-icon landscape'>\n\t\t\t\t<a data-elementor-open-lightbox=\"no\" href='https:\/\/adriensautier.com\/wp-content\/uploads\/2024\/10\/bumpliz-3-1.jpg'><img decoding=\"async\" width=\"1024\" height=\"819\" src=\"https:\/\/adriensautier.com\/wp-content\/uploads\/2024\/10\/bumpliz-3-1-1024x819.jpg\" class=\"attachment-large size-large\" alt=\"\" srcset=\"https:\/\/adriensautier.com\/wp-content\/uploads\/2024\/10\/bumpliz-3-1-1024x819.jpg 1024w, https:\/\/adriensautier.com\/wp-content\/uploads\/2024\/10\/bumpliz-3-1-300x240.jpg 300w, https:\/\/adriensautier.com\/wp-content\/uploads\/2024\/10\/bumpliz-3-1-768x614.jpg 768w, https:\/\/adriensautier.com\/wp-content\/uploads\/2024\/10\/bumpliz-3-1-1536x1229.jpg 1536w, https:\/\/adriensautier.com\/wp-content\/uploads\/2024\/10\/bumpliz-3-1-2048x1638.jpg 2048w\" sizes=\"(max-width: 1024px) 100vw, 1024px\" \/><\/a>\n\t\t\t<\/div><\/figure><figure class='gallery-item'>\n\t\t\t<div class='gallery-icon landscape'>\n\t\t\t\t<a data-elementor-open-lightbox=\"no\" href='https:\/\/adriensautier.com\/wp-content\/uploads\/2024\/10\/bumpliz-8.jpg'><img loading=\"lazy\" decoding=\"async\" width=\"1024\" height=\"683\" src=\"https:\/\/adriensautier.com\/wp-content\/uploads\/2024\/10\/bumpliz-8-1024x683.jpg\" class=\"attachment-large size-large\" alt=\"\" srcset=\"https:\/\/adriensautier.com\/wp-content\/uploads\/2024\/10\/bumpliz-8-1024x683.jpg 1024w, https:\/\/adriensautier.com\/wp-content\/uploads\/2024\/10\/bumpliz-8-300x200.jpg 300w, https:\/\/adriensautier.com\/wp-content\/uploads\/2024\/10\/bumpliz-8-768x512.jpg 768w, https:\/\/adriensautier.com\/wp-content\/uploads\/2024\/10\/bumpliz-8-1536x1024.jpg 1536w, https:\/\/adriensautier.com\/wp-content\/uploads\/2024\/10\/bumpliz-8-2048x1366.jpg 2048w\" sizes=\"(max-width: 1024px) 100vw, 1024px\" \/><\/a>\n\t\t\t<\/div><\/figure><figure class='gallery-item'>\n\t\t\t<div class='gallery-icon landscape'>\n\t\t\t\t<a data-elementor-open-lightbox=\"no\" href='https:\/\/adriensautier.com\/wp-content\/uploads\/2024\/10\/bumpliz-6.jpg'><img loading=\"lazy\" decoding=\"async\" width=\"1024\" height=\"1024\" src=\"https:\/\/adriensautier.com\/wp-content\/uploads\/2024\/10\/bumpliz-6-1024x1024.jpg\" class=\"attachment-large size-large\" alt=\"\" srcset=\"https:\/\/adriensautier.com\/wp-content\/uploads\/2024\/10\/bumpliz-6-1024x1024.jpg 1024w, https:\/\/adriensautier.com\/wp-content\/uploads\/2024\/10\/bumpliz-6-300x300.jpg 300w, https:\/\/adriensautier.com\/wp-content\/uploads\/2024\/10\/bumpliz-6-150x150.jpg 150w, https:\/\/adriensautier.com\/wp-content\/uploads\/2024\/10\/bumpliz-6-768x768.jpg 768w, https:\/\/adriensautier.com\/wp-content\/uploads\/2024\/10\/bumpliz-6-1536x1536.jpg 1536w, https:\/\/adriensautier.com\/wp-content\/uploads\/2024\/10\/bumpliz-6-2048x2048.jpg 2048w\" sizes=\"(max-width: 1024px) 100vw, 1024px\" \/><\/a>\n\t\t\t<\/div><\/figure><figure class='gallery-item'>\n\t\t\t<div class='gallery-icon landscape'>\n\t\t\t\t<a data-elementor-open-lightbox=\"no\" href='https:\/\/adriensautier.com\/wp-content\/uploads\/2024\/10\/bumpliz-5.jpg'><img loading=\"lazy\" decoding=\"async\" width=\"1024\" height=\"819\" src=\"https:\/\/adriensautier.com\/wp-content\/uploads\/2024\/10\/bumpliz-5-1024x819.jpg\" class=\"attachment-large size-large\" alt=\"\" srcset=\"https:\/\/adriensautier.com\/wp-content\/uploads\/2024\/10\/bumpliz-5-1024x819.jpg 1024w, https:\/\/adriensautier.com\/wp-content\/uploads\/2024\/10\/bumpliz-5-300x240.jpg 300w, https:\/\/adriensautier.com\/wp-content\/uploads\/2024\/10\/bumpliz-5-768x614.jpg 768w, https:\/\/adriensautier.com\/wp-content\/uploads\/2024\/10\/bumpliz-5-1536x1229.jpg 1536w, https:\/\/adriensautier.com\/wp-content\/uploads\/2024\/10\/bumpliz-5-2048x1638.jpg 2048w\" sizes=\"(max-width: 1024px) 100vw, 1024px\" \/><\/a>\n\t\t\t<\/div><\/figure><figure class='gallery-item'>\n\t\t\t<div class='gallery-icon portrait'>\n\t\t\t\t<a data-elementor-open-lightbox=\"no\" href='https:\/\/adriensautier.com\/wp-content\/uploads\/2024\/10\/bumpliz-7.jpg'><img loading=\"lazy\" decoding=\"async\" width=\"819\" height=\"1024\" src=\"https:\/\/adriensautier.com\/wp-content\/uploads\/2024\/10\/bumpliz-7-819x1024.jpg\" class=\"attachment-large size-large\" alt=\"\" srcset=\"https:\/\/adriensautier.com\/wp-content\/uploads\/2024\/10\/bumpliz-7-819x1024.jpg 819w, https:\/\/adriensautier.com\/wp-content\/uploads\/2024\/10\/bumpliz-7-240x300.jpg 240w, https:\/\/adriensautier.com\/wp-content\/uploads\/2024\/10\/bumpliz-7-768x960.jpg 768w, https:\/\/adriensautier.com\/wp-content\/uploads\/2024\/10\/bumpliz-7-1229x1536.jpg 1229w, https:\/\/adriensautier.com\/wp-content\/uploads\/2024\/10\/bumpliz-7-1638x2048.jpg 1638w, https:\/\/adriensautier.com\/wp-content\/uploads\/2024\/10\/bumpliz-7.jpg 2048w\" sizes=\"(max-width: 819px) 100vw, 819px\" \/><\/a>\n\t\t\t<\/div><\/figure>\n\t\t<\/div>\n\t\t<\/div>\n\t\t\t\t\t\t<\/div>\n\t\t\t\t<\/div>\n\t\t\t\t<div class=\"elementor-element elementor-element-07911fc elementor-widget elementor-widget-text-editor\" data-id=\"07911fc\" data-element_type=\"widget\" data-widget_type=\"text-editor.default\">\n\t\t\t\t<div class=\"elementor-widget-container\">\n\t\t\t\t\t\t\t\t\t<p>B\u00fcmpliz S\u00fcd\/Nord, ville de Berne (BE). Vu depuis le quartier de Kleefeld, 2020-2024.<\/p>\t\t\t\t\t\t\t\t<\/div>\n\t\t\t\t<\/div>\n\t\t\t\t<\/div>\n\t\t\t\t<\/div>","protected":false},"excerpt":{"rendered":"<p>\u2190 Back Gallery : \u00c0 B\u00fcmpliz derri\u00e8re la lune B\u00fcmpliz S\u00fcd\/Nord, Stadt Bern (BE). As seen from the Kleefeld neighourhood, 2020-2024.<\/p>","protected":false},"author":1,"featured_media":0,"parent":0,"menu_order":0,"comment_status":"closed","ping_status":"closed","template":"","meta":{"_uag_custom_page_level_css":"","site-sidebar-layout":"no-sidebar","site-content-layout":"plain-container","ast-site-content-layout":"normal-width-container","site-content-style":"unboxed","site-sidebar-style":"unboxed","ast-global-header-display":"","ast-banner-title-visibility":"","ast-main-header-display":"","ast-hfb-above-header-display":"","ast-hfb-below-header-display":"","ast-hfb-mobile-header-display":"","site-post-title":"disabled","ast-breadcrumbs-content":"","ast-featured-img":"disabled","footer-sml-layout":"","theme-transparent-header-meta":"enabled","adv-header-id-meta":"","stick-header-meta":"","header-above-stick-meta":"","header-main-stick-meta":"","header-below-stick-meta":"","astra-migrate-meta-layouts":"set","ast-page-background-enabled":"default","ast-page-background-meta":{"desktop":{"background-color":"","background-image":"","background-repeat":"repeat","background-position":"center center","background-size":"auto","background-attachment":"scroll","background-type":"","background-media":"","overlay-type":"","overlay-color":"","overlay-opacity":"","overlay-gradient":""},"tablet":{"background-color":"","background-image":"","background-repeat":"repeat","background-position":"center center","background-size":"auto","background-attachment":"scroll","background-type":"","background-media":"","overlay-type":"","overlay-color":"","overlay-opacity":"","overlay-gradient":""},"mobile":{"background-color":"","background-image":"","background-repeat":"repeat","background-position":"center center","background-size":"auto","background-attachment":"scroll","background-type":"","background-media":"","overlay-type":"","overlay-color":"","overlay-opacity":"","overlay-gradient":""}},"ast-content-background-meta":{"desktop":{"background-color":"var(--ast-global-color-5)","background-image":"","background-repeat":"repeat","background-position":"center center","background-size":"auto","background-attachment":"scroll","background-type":"","background-media":"","overlay-type":"","overlay-color":"","overlay-opacity":"","overlay-gradient":""},"tablet":{"background-color":"var(--ast-global-color-5)","background-image":"","background-repeat":"repeat","background-position":"center center","background-size":"auto","background-attachment":"scroll","background-type":"","background-media":"","overlay-type":"","overlay-color":"","overlay-opacity":"","overlay-gradient":""},"mobile":{"background-color":"var(--ast-global-color-5)","background-image":"","background-repeat":"repeat","background-position":"center center","background-size":"auto","background-attachment":"scroll","background-type":"","background-media":"","overlay-type":"","overlay-color":"","overlay-opacity":"","overlay-gradient":""}},"footnotes":""},"class_list":["post-2035","page","type-page","status-publish","hentry"],"uagb_featured_image_src":{"full":false,"thumbnail":false,"medium":false,"medium_large":false,"large":false,"1536x1536":false,"2048x2048":false,"trp-custom-language-flag":false},"uagb_author_info":{"display_name":"adrien","author_link":"https:\/\/adriensautier.com\/fr\/author\/test\/"},"uagb_comment_info":0,"uagb_excerpt":"\u2190 Back Gallery : \u00c0 B\u00fcmpliz derri\u00e8re la lune B\u00fcmpliz S\u00fcd\/Nord, Stadt Bern (BE). As seen from the Kleefeld neighourhood, 2020-2024.","_links":{"self":[{"href":"https:\/\/adriensautier.com\/fr\/wp-json\/wp\/v2\/pages\/2035","targetHints":{"allow":["GET"]}}],"collection":[{"href":"https:\/\/adriensautier.com\/fr\/wp-json\/wp\/v2\/pages"}],"about":[{"href":"https:\/\/adriensautier.com\/fr\/wp-json\/wp\/v2\/types\/page"}],"author":[{"embeddable":true,"href":"https:\/\/adriensautier.com\/fr\/wp-json\/wp\/v2\/users\/1"}],"replies":[{"embeddable":true,"href":"https:\/\/adriensautier.com\/fr\/wp-json\/wp\/v2\/comments?post=2035"}],"version-history":[{"count":25,"href":"https:\/\/adriensautier.com\/fr\/wp-json\/wp\/v2\/pages\/2035\/revisions"}],"predecessor-version":[{"id":2467,"href":"https:\/\/adriensautier.com\/fr\/wp-json\/wp\/v2\/pages\/2035\/revisions\/2467"}],"wp:attachment":[{"href":"https:\/\/adriensautier.com\/fr\/wp-json\/wp\/v2\/media?parent=2035"}],"curies":[{"name":"wp","href":"https:\/\/api.w.org\/{rel}","templated":true}]}}