{"id":1640,"date":"2024-10-10T22:29:05","date_gmt":"2024-10-10T22:29:05","guid":{"rendered":"http:\/\/localhost:10011\/?page_id=1640"},"modified":"2024-12-31T13:30:11","modified_gmt":"2024-12-31T12:30:11","slug":"grenat","status":"publish","type":"page","link":"https:\/\/adriensautier.com\/fr\/grenat\/","title":{"rendered":"Grenat"},"content":{"rendered":"<div data-elementor-type=\"wp-page\" data-elementor-id=\"1640\" class=\"elementor elementor-1640\">\n\t\t\t\t<div class=\"elementor-element elementor-element-35d8a15a e-con-full e-flex e-con e-parent\" data-id=\"35d8a15a\" data-element_type=\"container\">\n\t\t<div class=\"elementor-element elementor-element-ec8ea62 e-con-full e-flex e-con e-child\" data-id=\"ec8ea62\" data-element_type=\"container\">\n\t\t<div class=\"elementor-element elementor-element-201c404 e-grid e-con-full e-con e-child\" data-id=\"201c404\" data-element_type=\"container\">\n\t\t\t\t<div class=\"elementor-element elementor-element-0e074c8 elementor-widget__width-inherit elementor-widget elementor-widget-text-editor\" data-id=\"0e074c8\" data-element_type=\"widget\" data-widget_type=\"text-editor.default\">\n\t\t\t\t<div class=\"elementor-widget-container\">\n\t\t\t\t\t\t\t\t\t<p><a href=\"https:\/\/adriensautier.com\/fr\/photography\/\">\u2190<\/a><a href=\"https:\/\/adriensautier.com\/fr\/photography\/\"> Retour<\/a><\/p>\t\t\t\t\t\t\t\t<\/div>\n\t\t\t\t<\/div>\n\t\t\t\t<div class=\"elementor-element elementor-element-dcc613e elementor-widget__width-inherit elementor-widget elementor-widget-text-editor\" data-id=\"dcc613e\" data-element_type=\"widget\" data-widget_type=\"text-editor.default\">\n\t\t\t\t<div class=\"elementor-widget-container\">\n\t\t\t\t\t\t\t\t\t<p>Gallery : Grenat<\/p>\t\t\t\t\t\t\t\t<\/div>\n\t\t\t\t<\/div>\n\t\t\t\t<\/div>\n\t\t\t\t<div class=\"elementor-element elementor-element-dd34501 elementor-widget elementor-widget-image-gallery\" data-id=\"dd34501\" data-element_type=\"widget\" data-widget_type=\"image-gallery.default\">\n\t\t\t\t<div class=\"elementor-widget-container\">\n\t\t\t\t\t\t\t<div class=\"elementor-image-gallery\">\n\t\t\t<div id='gallery-1' class='gallery galleryid-1640 gallery-columns-3 gallery-size-large'><figure class='gallery-item'>\n\t\t\t<div class='gallery-icon landscape'>\n\t\t\t\t<a data-elementor-open-lightbox=\"no\" href='https:\/\/adriensautier.com\/wp-content\/uploads\/2024\/10\/grenat-1.jpg'><img fetchpriority=\"high\" decoding=\"async\" width=\"1024\" height=\"732\" src=\"https:\/\/adriensautier.com\/wp-content\/uploads\/2024\/10\/grenat-1-1024x732.jpg\" class=\"attachment-large size-large\" alt=\"\" srcset=\"https:\/\/adriensautier.com\/wp-content\/uploads\/2024\/10\/grenat-1-1024x732.jpg 1024w, https:\/\/adriensautier.com\/wp-content\/uploads\/2024\/10\/grenat-1-300x214.jpg 300w, https:\/\/adriensautier.com\/wp-content\/uploads\/2024\/10\/grenat-1-768x549.jpg 768w, https:\/\/adriensautier.com\/wp-content\/uploads\/2024\/10\/grenat-1-1536x1097.jpg 1536w, https:\/\/adriensautier.com\/wp-content\/uploads\/2024\/10\/grenat-1-2048x1463.jpg 2048w\" sizes=\"(max-width: 1024px) 100vw, 1024px\" \/><\/a>\n\t\t\t<\/div><\/figure><figure class='gallery-item'>\n\t\t\t<div class='gallery-icon landscape'>\n\t\t\t\t<a data-elementor-open-lightbox=\"no\" href='https:\/\/adriensautier.com\/wp-content\/uploads\/2024\/10\/grenat-5.jpg'><img decoding=\"async\" width=\"1024\" height=\"732\" src=\"https:\/\/adriensautier.com\/wp-content\/uploads\/2024\/10\/grenat-5-1024x732.jpg\" class=\"attachment-large size-large\" alt=\"\" srcset=\"https:\/\/adriensautier.com\/wp-content\/uploads\/2024\/10\/grenat-5-1024x732.jpg 1024w, https:\/\/adriensautier.com\/wp-content\/uploads\/2024\/10\/grenat-5-300x214.jpg 300w, https:\/\/adriensautier.com\/wp-content\/uploads\/2024\/10\/grenat-5-768x549.jpg 768w, https:\/\/adriensautier.com\/wp-content\/uploads\/2024\/10\/grenat-5-1536x1097.jpg 1536w, https:\/\/adriensautier.com\/wp-content\/uploads\/2024\/10\/grenat-5-2048x1463.jpg 2048w\" sizes=\"(max-width: 1024px) 100vw, 1024px\" \/><\/a>\n\t\t\t<\/div><\/figure><figure class='gallery-item'>\n\t\t\t<div class='gallery-icon landscape'>\n\t\t\t\t<a data-elementor-open-lightbox=\"no\" href='https:\/\/adriensautier.com\/wp-content\/uploads\/2024\/10\/grenat-3.jpg'><img decoding=\"async\" width=\"1024\" height=\"732\" src=\"https:\/\/adriensautier.com\/wp-content\/uploads\/2024\/10\/grenat-3-1024x732.jpg\" class=\"attachment-large size-large\" alt=\"\" srcset=\"https:\/\/adriensautier.com\/wp-content\/uploads\/2024\/10\/grenat-3-1024x732.jpg 1024w, https:\/\/adriensautier.com\/wp-content\/uploads\/2024\/10\/grenat-3-300x214.jpg 300w, https:\/\/adriensautier.com\/wp-content\/uploads\/2024\/10\/grenat-3-768x549.jpg 768w, https:\/\/adriensautier.com\/wp-content\/uploads\/2024\/10\/grenat-3-1536x1097.jpg 1536w, https:\/\/adriensautier.com\/wp-content\/uploads\/2024\/10\/grenat-3-2048x1463.jpg 2048w\" sizes=\"(max-width: 1024px) 100vw, 1024px\" \/><\/a>\n\t\t\t<\/div><\/figure><figure class='gallery-item'>\n\t\t\t<div class='gallery-icon landscape'>\n\t\t\t\t<a data-elementor-open-lightbox=\"no\" href='https:\/\/adriensautier.com\/wp-content\/uploads\/2024\/10\/grenat-2.jpg'><img loading=\"lazy\" decoding=\"async\" width=\"1024\" height=\"819\" src=\"https:\/\/adriensautier.com\/wp-content\/uploads\/2024\/10\/grenat-2-1024x819.jpg\" class=\"attachment-large size-large\" alt=\"\" srcset=\"https:\/\/adriensautier.com\/wp-content\/uploads\/2024\/10\/grenat-2-1024x819.jpg 1024w, https:\/\/adriensautier.com\/wp-content\/uploads\/2024\/10\/grenat-2-300x240.jpg 300w, https:\/\/adriensautier.com\/wp-content\/uploads\/2024\/10\/grenat-2-768x614.jpg 768w, https:\/\/adriensautier.com\/wp-content\/uploads\/2024\/10\/grenat-2-1536x1229.jpg 1536w, https:\/\/adriensautier.com\/wp-content\/uploads\/2024\/10\/grenat-2-2048x1638.jpg 2048w\" sizes=\"(max-width: 1024px) 100vw, 1024px\" \/><\/a>\n\t\t\t<\/div><\/figure><figure class='gallery-item'>\n\t\t\t<div class='gallery-icon landscape'>\n\t\t\t\t<a data-elementor-open-lightbox=\"no\" href='https:\/\/adriensautier.com\/wp-content\/uploads\/2024\/10\/grenat-4-e1729716396529.jpg'><img loading=\"lazy\" decoding=\"async\" width=\"1024\" height=\"820\" src=\"https:\/\/adriensautier.com\/wp-content\/uploads\/2024\/10\/grenat-4-e1729716396529-1024x820.jpg\" class=\"attachment-large size-large\" alt=\"\" srcset=\"https:\/\/adriensautier.com\/wp-content\/uploads\/2024\/10\/grenat-4-e1729716396529-1024x820.jpg 1024w, https:\/\/adriensautier.com\/wp-content\/uploads\/2024\/10\/grenat-4-e1729716396529-300x240.jpg 300w, https:\/\/adriensautier.com\/wp-content\/uploads\/2024\/10\/grenat-4-e1729716396529-768x615.jpg 768w, https:\/\/adriensautier.com\/wp-content\/uploads\/2024\/10\/grenat-4-e1729716396529-1536x1230.jpg 1536w, https:\/\/adriensautier.com\/wp-content\/uploads\/2024\/10\/grenat-4-e1729716396529-2048x1639.jpg 2048w, https:\/\/adriensautier.com\/wp-content\/uploads\/2024\/10\/grenat-4-e1729716396529-15x12.jpg 15w\" sizes=\"(max-width: 1024px) 100vw, 1024px\" \/><\/a>\n\t\t\t<\/div><\/figure><figure class='gallery-item'>\n\t\t\t<div class='gallery-icon landscape'>\n\t\t\t\t<a data-elementor-open-lightbox=\"no\" href='https:\/\/adriensautier.com\/wp-content\/uploads\/2024\/10\/grenat-7.jpg'><img loading=\"lazy\" decoding=\"async\" width=\"1024\" height=\"819\" src=\"https:\/\/adriensautier.com\/wp-content\/uploads\/2024\/10\/grenat-7-1024x819.jpg\" class=\"attachment-large size-large\" alt=\"\" srcset=\"https:\/\/adriensautier.com\/wp-content\/uploads\/2024\/10\/grenat-7-1024x819.jpg 1024w, https:\/\/adriensautier.com\/wp-content\/uploads\/2024\/10\/grenat-7-300x240.jpg 300w, https:\/\/adriensautier.com\/wp-content\/uploads\/2024\/10\/grenat-7-768x614.jpg 768w, https:\/\/adriensautier.com\/wp-content\/uploads\/2024\/10\/grenat-7-1536x1229.jpg 1536w, https:\/\/adriensautier.com\/wp-content\/uploads\/2024\/10\/grenat-7-2048x1638.jpg 2048w\" sizes=\"(max-width: 1024px) 100vw, 1024px\" \/><\/a>\n\t\t\t<\/div><\/figure><figure class='gallery-item'>\n\t\t\t<div class='gallery-icon landscape'>\n\t\t\t\t<a data-elementor-open-lightbox=\"no\" href='https:\/\/adriensautier.com\/wp-content\/uploads\/2024\/10\/grenat-12.jpg'><img loading=\"lazy\" decoding=\"async\" width=\"1024\" height=\"819\" src=\"https:\/\/adriensautier.com\/wp-content\/uploads\/2024\/10\/grenat-12-1024x819.jpg\" class=\"attachment-large size-large\" alt=\"\" srcset=\"https:\/\/adriensautier.com\/wp-content\/uploads\/2024\/10\/grenat-12-1024x819.jpg 1024w, https:\/\/adriensautier.com\/wp-content\/uploads\/2024\/10\/grenat-12-300x240.jpg 300w, https:\/\/adriensautier.com\/wp-content\/uploads\/2024\/10\/grenat-12-768x614.jpg 768w, https:\/\/adriensautier.com\/wp-content\/uploads\/2024\/10\/grenat-12-1536x1229.jpg 1536w, https:\/\/adriensautier.com\/wp-content\/uploads\/2024\/10\/grenat-12-2048x1638.jpg 2048w\" sizes=\"(max-width: 1024px) 100vw, 1024px\" \/><\/a>\n\t\t\t<\/div><\/figure><figure class='gallery-item'>\n\t\t\t<div class='gallery-icon landscape'>\n\t\t\t\t<a data-elementor-open-lightbox=\"no\" href='https:\/\/adriensautier.com\/wp-content\/uploads\/2024\/10\/grenat-14.jpg'><img loading=\"lazy\" decoding=\"async\" width=\"1024\" height=\"819\" src=\"https:\/\/adriensautier.com\/wp-content\/uploads\/2024\/10\/grenat-14-1024x819.jpg\" class=\"attachment-large size-large\" alt=\"\" srcset=\"https:\/\/adriensautier.com\/wp-content\/uploads\/2024\/10\/grenat-14-1024x819.jpg 1024w, https:\/\/adriensautier.com\/wp-content\/uploads\/2024\/10\/grenat-14-300x240.jpg 300w, https:\/\/adriensautier.com\/wp-content\/uploads\/2024\/10\/grenat-14-768x614.jpg 768w, https:\/\/adriensautier.com\/wp-content\/uploads\/2024\/10\/grenat-14-1536x1229.jpg 1536w, https:\/\/adriensautier.com\/wp-content\/uploads\/2024\/10\/grenat-14-2048x1638.jpg 2048w\" sizes=\"(max-width: 1024px) 100vw, 1024px\" \/><\/a>\n\t\t\t<\/div><\/figure><figure class='gallery-item'>\n\t\t\t<div class='gallery-icon landscape'>\n\t\t\t\t<a data-elementor-open-lightbox=\"no\" href='https:\/\/adriensautier.com\/wp-content\/uploads\/2024\/10\/grenat-13.jpg'><img loading=\"lazy\" decoding=\"async\" width=\"1024\" height=\"819\" src=\"https:\/\/adriensautier.com\/wp-content\/uploads\/2024\/10\/grenat-13-1024x819.jpg\" class=\"attachment-large size-large\" alt=\"\" srcset=\"https:\/\/adriensautier.com\/wp-content\/uploads\/2024\/10\/grenat-13-1024x819.jpg 1024w, https:\/\/adriensautier.com\/wp-content\/uploads\/2024\/10\/grenat-13-300x240.jpg 300w, https:\/\/adriensautier.com\/wp-content\/uploads\/2024\/10\/grenat-13-768x614.jpg 768w, https:\/\/adriensautier.com\/wp-content\/uploads\/2024\/10\/grenat-13-1536x1229.jpg 1536w, https:\/\/adriensautier.com\/wp-content\/uploads\/2024\/10\/grenat-13-2048x1638.jpg 2048w\" sizes=\"(max-width: 1024px) 100vw, 1024px\" \/><\/a>\n\t\t\t<\/div><\/figure><figure class='gallery-item'>\n\t\t\t<div class='gallery-icon landscape'>\n\t\t\t\t<a data-elementor-open-lightbox=\"no\" href='https:\/\/adriensautier.com\/wp-content\/uploads\/2024\/10\/grenat-16.jpg'><img loading=\"lazy\" decoding=\"async\" width=\"1024\" height=\"819\" src=\"https:\/\/adriensautier.com\/wp-content\/uploads\/2024\/10\/grenat-16-1024x819.jpg\" class=\"attachment-large size-large\" alt=\"\" srcset=\"https:\/\/adriensautier.com\/wp-content\/uploads\/2024\/10\/grenat-16-1024x819.jpg 1024w, https:\/\/adriensautier.com\/wp-content\/uploads\/2024\/10\/grenat-16-300x240.jpg 300w, https:\/\/adriensautier.com\/wp-content\/uploads\/2024\/10\/grenat-16-768x614.jpg 768w, https:\/\/adriensautier.com\/wp-content\/uploads\/2024\/10\/grenat-16-1536x1229.jpg 1536w, https:\/\/adriensautier.com\/wp-content\/uploads\/2024\/10\/grenat-16-2048x1638.jpg 2048w\" sizes=\"(max-width: 1024px) 100vw, 1024px\" \/><\/a>\n\t\t\t<\/div><\/figure><figure class='gallery-item'>\n\t\t\t<div class='gallery-icon landscape'>\n\t\t\t\t<a data-elementor-open-lightbox=\"no\" href='https:\/\/adriensautier.com\/wp-content\/uploads\/2024\/10\/grenat-17.jpg'><img loading=\"lazy\" decoding=\"async\" width=\"1024\" height=\"819\" src=\"https:\/\/adriensautier.com\/wp-content\/uploads\/2024\/10\/grenat-17-1024x819.jpg\" class=\"attachment-large size-large\" alt=\"\" srcset=\"https:\/\/adriensautier.com\/wp-content\/uploads\/2024\/10\/grenat-17-1024x819.jpg 1024w, https:\/\/adriensautier.com\/wp-content\/uploads\/2024\/10\/grenat-17-300x240.jpg 300w, https:\/\/adriensautier.com\/wp-content\/uploads\/2024\/10\/grenat-17-768x614.jpg 768w, https:\/\/adriensautier.com\/wp-content\/uploads\/2024\/10\/grenat-17-1536x1229.jpg 1536w, https:\/\/adriensautier.com\/wp-content\/uploads\/2024\/10\/grenat-17-2048x1638.jpg 2048w\" sizes=\"(max-width: 1024px) 100vw, 1024px\" \/><\/a>\n\t\t\t<\/div><\/figure><figure class='gallery-item'>\n\t\t\t<div class='gallery-icon landscape'>\n\t\t\t\t<a data-elementor-open-lightbox=\"no\" href='https:\/\/adriensautier.com\/wp-content\/uploads\/2024\/10\/grenat-18.jpg'><img loading=\"lazy\" decoding=\"async\" width=\"1024\" height=\"819\" src=\"https:\/\/adriensautier.com\/wp-content\/uploads\/2024\/10\/grenat-18-1024x819.jpg\" class=\"attachment-large size-large\" alt=\"\" srcset=\"https:\/\/adriensautier.com\/wp-content\/uploads\/2024\/10\/grenat-18-1024x819.jpg 1024w, https:\/\/adriensautier.com\/wp-content\/uploads\/2024\/10\/grenat-18-300x240.jpg 300w, https:\/\/adriensautier.com\/wp-content\/uploads\/2024\/10\/grenat-18-768x614.jpg 768w, https:\/\/adriensautier.com\/wp-content\/uploads\/2024\/10\/grenat-18-1536x1229.jpg 1536w, https:\/\/adriensautier.com\/wp-content\/uploads\/2024\/10\/grenat-18-2048x1638.jpg 2048w\" sizes=\"(max-width: 1024px) 100vw, 1024px\" \/><\/a>\n\t\t\t<\/div><\/figure><figure class='gallery-item'>\n\t\t\t<div class='gallery-icon landscape'>\n\t\t\t\t<a data-elementor-open-lightbox=\"no\" href='https:\/\/adriensautier.com\/wp-content\/uploads\/2024\/10\/grenat-19.jpg'><img loading=\"lazy\" decoding=\"async\" width=\"1024\" height=\"819\" src=\"https:\/\/adriensautier.com\/wp-content\/uploads\/2024\/10\/grenat-19-1024x819.jpg\" class=\"attachment-large size-large\" alt=\"\" srcset=\"https:\/\/adriensautier.com\/wp-content\/uploads\/2024\/10\/grenat-19-1024x819.jpg 1024w, https:\/\/adriensautier.com\/wp-content\/uploads\/2024\/10\/grenat-19-300x240.jpg 300w, https:\/\/adriensautier.com\/wp-content\/uploads\/2024\/10\/grenat-19-768x614.jpg 768w, https:\/\/adriensautier.com\/wp-content\/uploads\/2024\/10\/grenat-19-1536x1229.jpg 1536w, https:\/\/adriensautier.com\/wp-content\/uploads\/2024\/10\/grenat-19-2048x1638.jpg 2048w\" sizes=\"(max-width: 1024px) 100vw, 1024px\" \/><\/a>\n\t\t\t<\/div><\/figure><figure class='gallery-item'>\n\t\t\t<div class='gallery-icon landscape'>\n\t\t\t\t<a data-elementor-open-lightbox=\"no\" href='https:\/\/adriensautier.com\/wp-content\/uploads\/2024\/10\/grenat-22.jpg'><img loading=\"lazy\" decoding=\"async\" width=\"1024\" height=\"819\" src=\"https:\/\/adriensautier.com\/wp-content\/uploads\/2024\/10\/grenat-22-1024x819.jpg\" class=\"attachment-large size-large\" alt=\"\" srcset=\"https:\/\/adriensautier.com\/wp-content\/uploads\/2024\/10\/grenat-22-1024x819.jpg 1024w, https:\/\/adriensautier.com\/wp-content\/uploads\/2024\/10\/grenat-22-300x240.jpg 300w, https:\/\/adriensautier.com\/wp-content\/uploads\/2024\/10\/grenat-22-768x614.jpg 768w, https:\/\/adriensautier.com\/wp-content\/uploads\/2024\/10\/grenat-22-1536x1229.jpg 1536w, https:\/\/adriensautier.com\/wp-content\/uploads\/2024\/10\/grenat-22-2048x1638.jpg 2048w\" sizes=\"(max-width: 1024px) 100vw, 1024px\" \/><\/a>\n\t\t\t<\/div><\/figure><figure class='gallery-item'>\n\t\t\t<div class='gallery-icon landscape'>\n\t\t\t\t<a data-elementor-open-lightbox=\"no\" href='https:\/\/adriensautier.com\/wp-content\/uploads\/2024\/10\/grenat-6.jpg'><img loading=\"lazy\" decoding=\"async\" width=\"1024\" height=\"819\" src=\"https:\/\/adriensautier.com\/wp-content\/uploads\/2024\/10\/grenat-6-1024x819.jpg\" class=\"attachment-large size-large\" alt=\"\" srcset=\"https:\/\/adriensautier.com\/wp-content\/uploads\/2024\/10\/grenat-6-1024x819.jpg 1024w, https:\/\/adriensautier.com\/wp-content\/uploads\/2024\/10\/grenat-6-300x240.jpg 300w, https:\/\/adriensautier.com\/wp-content\/uploads\/2024\/10\/grenat-6-768x614.jpg 768w, https:\/\/adriensautier.com\/wp-content\/uploads\/2024\/10\/grenat-6-1536x1229.jpg 1536w, https:\/\/adriensautier.com\/wp-content\/uploads\/2024\/10\/grenat-6-2048x1638.jpg 2048w\" sizes=\"(max-width: 1024px) 100vw, 1024px\" \/><\/a>\n\t\t\t<\/div><\/figure>\n\t\t<\/div>\n\t\t<\/div>\n\t\t\t\t\t\t<\/div>\n\t\t\t\t<\/div>\n\t\t\t\t<div class=\"elementor-element elementor-element-9f4a61d elementor-widget elementor-widget-text-editor\" data-id=\"9f4a61d\" data-element_type=\"widget\" data-widget_type=\"text-editor.default\">\n\t\t\t\t<div class=\"elementor-widget-container\">\n\t\t\t\t\t\t\t\t\t<p>Cristaux de grenats naturels (esp\u00e8ces : andradite, grossulaire, spessartine et ouvarovite) associ\u00e9s \u00e0 divers autres min\u00e9raux. Lumi\u00e8re artificielle.<\/p>\t\t\t\t\t\t\t\t<\/div>\n\t\t\t\t<\/div>\n\t\t\t\t<\/div>\n\t\t\t\t<\/div>\n\t\t\t\t<\/div>","protected":false},"excerpt":{"rendered":"<p>\u2190 Back Gallery : Garnet Naturally formed garnets (species: andradite, grossular, spessartine and uvarovite) with various secondary minerals. Artificial lighting.<\/p>","protected":false},"author":1,"featured_media":0,"parent":0,"menu_order":0,"comment_status":"closed","ping_status":"closed","template":"","meta":{"_uag_custom_page_level_css":"","site-sidebar-layout":"no-sidebar","site-content-layout":"plain-container","ast-site-content-layout":"normal-width-container","site-content-style":"unboxed","site-sidebar-style":"unboxed","ast-global-header-display":"","ast-banner-title-visibility":"","ast-main-header-display":"","ast-hfb-above-header-display":"","ast-hfb-below-header-display":"","ast-hfb-mobile-header-display":"","site-post-title":"disabled","ast-breadcrumbs-content":"","ast-featured-img":"disabled","footer-sml-layout":"","theme-transparent-header-meta":"enabled","adv-header-id-meta":"","stick-header-meta":"","header-above-stick-meta":"","header-main-stick-meta":"","header-below-stick-meta":"","astra-migrate-meta-layouts":"set","ast-page-background-enabled":"default","ast-page-background-meta":{"desktop":{"background-color":"","background-image":"","background-repeat":"repeat","background-position":"center center","background-size":"auto","background-attachment":"scroll","background-type":"","background-media":"","overlay-type":"","overlay-color":"","overlay-opacity":"","overlay-gradient":""},"tablet":{"background-color":"","background-image":"","background-repeat":"repeat","background-position":"center center","background-size":"auto","background-attachment":"scroll","background-type":"","background-media":"","overlay-type":"","overlay-color":"","overlay-opacity":"","overlay-gradient":""},"mobile":{"background-color":"","background-image":"","background-repeat":"repeat","background-position":"center center","background-size":"auto","background-attachment":"scroll","background-type":"","background-media":"","overlay-type":"","overlay-color":"","overlay-opacity":"","overlay-gradient":""}},"ast-content-background-meta":{"desktop":{"background-color":"var(--ast-global-color-5)","background-image":"","background-repeat":"repeat","background-position":"center center","background-size":"auto","background-attachment":"scroll","background-type":"","background-media":"","overlay-type":"","overlay-color":"","overlay-opacity":"","overlay-gradient":""},"tablet":{"background-color":"var(--ast-global-color-5)","background-image":"","background-repeat":"repeat","background-position":"center center","background-size":"auto","background-attachment":"scroll","background-type":"","background-media":"","overlay-type":"","overlay-color":"","overlay-opacity":"","overlay-gradient":""},"mobile":{"background-color":"var(--ast-global-color-5)","background-image":"","background-repeat":"repeat","background-position":"center center","background-size":"auto","background-attachment":"scroll","background-type":"","background-media":"","overlay-type":"","overlay-color":"","overlay-opacity":"","overlay-gradient":""}},"footnotes":""},"class_list":["post-1640","page","type-page","status-publish","hentry"],"uagb_featured_image_src":{"full":false,"thumbnail":false,"medium":false,"medium_large":false,"large":false,"1536x1536":false,"2048x2048":false,"trp-custom-language-flag":false},"uagb_author_info":{"display_name":"adrien","author_link":"https:\/\/adriensautier.com\/fr\/author\/test\/"},"uagb_comment_info":0,"uagb_excerpt":"\u2190 Back Gallery : Garnet Naturally formed garnets (species: andradite, grossular, spessartine and uvarovite) with various secondary minerals. Artificial lighting.","_links":{"self":[{"href":"https:\/\/adriensautier.com\/fr\/wp-json\/wp\/v2\/pages\/1640","targetHints":{"allow":["GET"]}}],"collection":[{"href":"https:\/\/adriensautier.com\/fr\/wp-json\/wp\/v2\/pages"}],"about":[{"href":"https:\/\/adriensautier.com\/fr\/wp-json\/wp\/v2\/types\/page"}],"author":[{"embeddable":true,"href":"https:\/\/adriensautier.com\/fr\/wp-json\/wp\/v2\/users\/1"}],"replies":[{"embeddable":true,"href":"https:\/\/adriensautier.com\/fr\/wp-json\/wp\/v2\/comments?post=1640"}],"version-history":[{"count":43,"href":"https:\/\/adriensautier.com\/fr\/wp-json\/wp\/v2\/pages\/1640\/revisions"}],"predecessor-version":[{"id":2461,"href":"https:\/\/adriensautier.com\/fr\/wp-json\/wp\/v2\/pages\/1640\/revisions\/2461"}],"wp:attachment":[{"href":"https:\/\/adriensautier.com\/fr\/wp-json\/wp\/v2\/media?parent=1640"}],"curies":[{"name":"wp","href":"https:\/\/api.w.org\/{rel}","templated":true}]}}