{"id":1639,"date":"2024-10-10T22:12:13","date_gmt":"2024-10-10T22:12:13","guid":{"rendered":"http:\/\/localhost:10011\/?page_id=1639"},"modified":"2024-12-31T13:49:24","modified_gmt":"2024-12-31T12:49:24","slug":"fin-des-glaces","status":"publish","type":"page","link":"https:\/\/adriensautier.com\/fr\/fin-des-glaces\/","title":{"rendered":"Fin des Glaces"},"content":{"rendered":"<div data-elementor-type=\"wp-page\" data-elementor-id=\"1639\" class=\"elementor elementor-1639\">\n\t\t\t\t<div class=\"elementor-element elementor-element-35d8a15a e-con-full e-flex e-con e-parent\" data-id=\"35d8a15a\" data-element_type=\"container\">\n\t\t<div class=\"elementor-element elementor-element-0da7205 e-grid e-con-boxed e-con e-child\" data-id=\"0da7205\" data-element_type=\"container\">\n\t\t\t\t\t<div class=\"e-con-inner\">\n\t\t\t\t<div class=\"elementor-element elementor-element-edf5327 elementor-widget__width-inherit elementor-widget elementor-widget-text-editor\" data-id=\"edf5327\" data-element_type=\"widget\" data-widget_type=\"text-editor.default\">\n\t\t\t\t<div class=\"elementor-widget-container\">\n\t\t\t\t\t\t\t\t\t<p><a href=\"https:\/\/adriensautier.com\/fr\/photography\/\">\u2190<\/a><a href=\"https:\/\/adriensautier.com\/fr\/photography\/\"> Retour<\/a><\/p>\t\t\t\t\t\t\t\t<\/div>\n\t\t\t\t<\/div>\n\t\t\t\t<div class=\"elementor-element elementor-element-6c2a771 elementor-widget__width-inherit elementor-widget elementor-widget-text-editor\" data-id=\"6c2a771\" data-element_type=\"widget\" data-widget_type=\"text-editor.default\">\n\t\t\t\t<div class=\"elementor-widget-container\">\n\t\t\t\t\t\t\t\t\t<p>Gallery : Fin des Glaces<\/p>\t\t\t\t\t\t\t\t<\/div>\n\t\t\t\t<\/div>\n\t\t\t\t\t<\/div>\n\t\t\t\t<\/div>\n\t\t\t\t<div class=\"elementor-element elementor-element-cddadc5 elementor-widget elementor-widget-image-gallery\" data-id=\"cddadc5\" data-element_type=\"widget\" data-widget_type=\"image-gallery.default\">\n\t\t\t\t<div class=\"elementor-widget-container\">\n\t\t\t\t\t\t\t<div class=\"elementor-image-gallery\">\n\t\t\t<div id='gallery-1' class='gallery galleryid-1639 gallery-columns-3 gallery-size-large'><figure class='gallery-item'>\n\t\t\t<div class='gallery-icon landscape'>\n\t\t\t\t<a data-elementor-open-lightbox=\"no\" href='https:\/\/adriensautier.com\/wp-content\/uploads\/2024\/10\/glace-1.jpg'><img fetchpriority=\"high\" decoding=\"async\" width=\"1024\" height=\"683\" src=\"https:\/\/adriensautier.com\/wp-content\/uploads\/2024\/10\/glace-1-1024x683.jpg\" class=\"attachment-large size-large\" alt=\"\" srcset=\"https:\/\/adriensautier.com\/wp-content\/uploads\/2024\/10\/glace-1-1024x683.jpg 1024w, https:\/\/adriensautier.com\/wp-content\/uploads\/2024\/10\/glace-1-300x200.jpg 300w, https:\/\/adriensautier.com\/wp-content\/uploads\/2024\/10\/glace-1-768x512.jpg 768w, https:\/\/adriensautier.com\/wp-content\/uploads\/2024\/10\/glace-1-1536x1024.jpg 1536w, https:\/\/adriensautier.com\/wp-content\/uploads\/2024\/10\/glace-1-2048x1366.jpg 2048w\" sizes=\"(max-width: 1024px) 100vw, 1024px\" \/><\/a>\n\t\t\t<\/div><\/figure><figure class='gallery-item'>\n\t\t\t<div class='gallery-icon landscape'>\n\t\t\t\t<a data-elementor-open-lightbox=\"no\" href='https:\/\/adriensautier.com\/wp-content\/uploads\/2024\/10\/glace-2.jpg'><img decoding=\"async\" width=\"1024\" height=\"683\" src=\"https:\/\/adriensautier.com\/wp-content\/uploads\/2024\/10\/glace-2-1024x683.jpg\" class=\"attachment-large size-large\" alt=\"\" srcset=\"https:\/\/adriensautier.com\/wp-content\/uploads\/2024\/10\/glace-2-1024x683.jpg 1024w, https:\/\/adriensautier.com\/wp-content\/uploads\/2024\/10\/glace-2-300x200.jpg 300w, https:\/\/adriensautier.com\/wp-content\/uploads\/2024\/10\/glace-2-768x512.jpg 768w, https:\/\/adriensautier.com\/wp-content\/uploads\/2024\/10\/glace-2-1536x1024.jpg 1536w, https:\/\/adriensautier.com\/wp-content\/uploads\/2024\/10\/glace-2-2048x1366.jpg 2048w\" sizes=\"(max-width: 1024px) 100vw, 1024px\" \/><\/a>\n\t\t\t<\/div><\/figure><figure class='gallery-item'>\n\t\t\t<div class='gallery-icon landscape'>\n\t\t\t\t<a data-elementor-open-lightbox=\"no\" href='https:\/\/adriensautier.com\/wp-content\/uploads\/2024\/10\/glace-3.jpg'><img decoding=\"async\" width=\"1024\" height=\"683\" src=\"https:\/\/adriensautier.com\/wp-content\/uploads\/2024\/10\/glace-3-1024x683.jpg\" class=\"attachment-large size-large\" alt=\"\" srcset=\"https:\/\/adriensautier.com\/wp-content\/uploads\/2024\/10\/glace-3-1024x683.jpg 1024w, https:\/\/adriensautier.com\/wp-content\/uploads\/2024\/10\/glace-3-300x200.jpg 300w, https:\/\/adriensautier.com\/wp-content\/uploads\/2024\/10\/glace-3-768x512.jpg 768w, https:\/\/adriensautier.com\/wp-content\/uploads\/2024\/10\/glace-3-1536x1024.jpg 1536w, https:\/\/adriensautier.com\/wp-content\/uploads\/2024\/10\/glace-3-2048x1366.jpg 2048w\" sizes=\"(max-width: 1024px) 100vw, 1024px\" \/><\/a>\n\t\t\t<\/div><\/figure><figure class='gallery-item'>\n\t\t\t<div class='gallery-icon landscape'>\n\t\t\t\t<a data-elementor-open-lightbox=\"no\" href='https:\/\/adriensautier.com\/wp-content\/uploads\/2024\/10\/glace-4.jpg'><img loading=\"lazy\" decoding=\"async\" width=\"1024\" height=\"683\" src=\"https:\/\/adriensautier.com\/wp-content\/uploads\/2024\/10\/glace-4-1024x683.jpg\" class=\"attachment-large size-large\" alt=\"\" srcset=\"https:\/\/adriensautier.com\/wp-content\/uploads\/2024\/10\/glace-4-1024x683.jpg 1024w, https:\/\/adriensautier.com\/wp-content\/uploads\/2024\/10\/glace-4-300x200.jpg 300w, https:\/\/adriensautier.com\/wp-content\/uploads\/2024\/10\/glace-4-768x512.jpg 768w, https:\/\/adriensautier.com\/wp-content\/uploads\/2024\/10\/glace-4-1536x1024.jpg 1536w, https:\/\/adriensautier.com\/wp-content\/uploads\/2024\/10\/glace-4-2048x1366.jpg 2048w\" sizes=\"(max-width: 1024px) 100vw, 1024px\" \/><\/a>\n\t\t\t<\/div><\/figure><figure class='gallery-item'>\n\t\t\t<div class='gallery-icon landscape'>\n\t\t\t\t<a data-elementor-open-lightbox=\"no\" href='https:\/\/adriensautier.com\/wp-content\/uploads\/2024\/10\/glace-5.jpg'><img loading=\"lazy\" decoding=\"async\" width=\"1024\" height=\"683\" src=\"https:\/\/adriensautier.com\/wp-content\/uploads\/2024\/10\/glace-5-1024x683.jpg\" class=\"attachment-large size-large\" alt=\"\" srcset=\"https:\/\/adriensautier.com\/wp-content\/uploads\/2024\/10\/glace-5-1024x683.jpg 1024w, https:\/\/adriensautier.com\/wp-content\/uploads\/2024\/10\/glace-5-300x200.jpg 300w, https:\/\/adriensautier.com\/wp-content\/uploads\/2024\/10\/glace-5-768x512.jpg 768w, https:\/\/adriensautier.com\/wp-content\/uploads\/2024\/10\/glace-5-1536x1024.jpg 1536w, https:\/\/adriensautier.com\/wp-content\/uploads\/2024\/10\/glace-5-2048x1366.jpg 2048w\" sizes=\"(max-width: 1024px) 100vw, 1024px\" \/><\/a>\n\t\t\t<\/div><\/figure><figure class='gallery-item'>\n\t\t\t<div class='gallery-icon landscape'>\n\t\t\t\t<a data-elementor-open-lightbox=\"no\" href='https:\/\/adriensautier.com\/wp-content\/uploads\/2024\/10\/glace-6.jpg'><img loading=\"lazy\" decoding=\"async\" width=\"1024\" height=\"683\" src=\"https:\/\/adriensautier.com\/wp-content\/uploads\/2024\/10\/glace-6-1024x683.jpg\" class=\"attachment-large size-large\" alt=\"\" srcset=\"https:\/\/adriensautier.com\/wp-content\/uploads\/2024\/10\/glace-6-1024x683.jpg 1024w, https:\/\/adriensautier.com\/wp-content\/uploads\/2024\/10\/glace-6-300x200.jpg 300w, https:\/\/adriensautier.com\/wp-content\/uploads\/2024\/10\/glace-6-768x512.jpg 768w, https:\/\/adriensautier.com\/wp-content\/uploads\/2024\/10\/glace-6-1536x1024.jpg 1536w, https:\/\/adriensautier.com\/wp-content\/uploads\/2024\/10\/glace-6-2048x1366.jpg 2048w\" sizes=\"(max-width: 1024px) 100vw, 1024px\" \/><\/a>\n\t\t\t<\/div><\/figure><figure class='gallery-item'>\n\t\t\t<div class='gallery-icon landscape'>\n\t\t\t\t<a data-elementor-open-lightbox=\"no\" href='https:\/\/adriensautier.com\/wp-content\/uploads\/2024\/10\/glace-7.jpg'><img loading=\"lazy\" decoding=\"async\" width=\"1024\" height=\"683\" src=\"https:\/\/adriensautier.com\/wp-content\/uploads\/2024\/10\/glace-7-1024x683.jpg\" class=\"attachment-large size-large\" alt=\"\" srcset=\"https:\/\/adriensautier.com\/wp-content\/uploads\/2024\/10\/glace-7-1024x683.jpg 1024w, https:\/\/adriensautier.com\/wp-content\/uploads\/2024\/10\/glace-7-300x200.jpg 300w, https:\/\/adriensautier.com\/wp-content\/uploads\/2024\/10\/glace-7-768x512.jpg 768w, https:\/\/adriensautier.com\/wp-content\/uploads\/2024\/10\/glace-7-1536x1024.jpg 1536w, https:\/\/adriensautier.com\/wp-content\/uploads\/2024\/10\/glace-7-2048x1366.jpg 2048w\" sizes=\"(max-width: 1024px) 100vw, 1024px\" \/><\/a>\n\t\t\t<\/div><\/figure>\n\t\t<\/div>\n\t\t<\/div>\n\t\t\t\t\t\t<\/div>\n\t\t\t\t<\/div>\n\t\t\t\t<div class=\"elementor-element elementor-element-ca0aef2 elementor-widget elementor-widget-text-editor\" data-id=\"ca0aef2\" data-element_type=\"widget\" data-widget_type=\"text-editor.default\">\n\t\t\t\t<div class=\"elementor-widget-container\">\n\t\t\t\t\t\t\t\t\t<div>Langues glaciaires, n\u00e9v\u00e9s, gouffres et moraines au cr\u00e9puscule (BE\/UR).<\/div>\t\t\t\t\t\t\t\t<\/div>\n\t\t\t\t<\/div>\n\t\t\t\t<\/div>\n\t\t\t\t<\/div>","protected":false},"excerpt":{"rendered":"<p>\u2190 Back Gallery : Fin des Glaces Glacial tongues, firns, chasms and moraines at twilight (BE\/UR).<\/p>","protected":false},"author":1,"featured_media":0,"parent":0,"menu_order":0,"comment_status":"closed","ping_status":"closed","template":"","meta":{"_uag_custom_page_level_css":"","site-sidebar-layout":"no-sidebar","site-content-layout":"plain-container","ast-site-content-layout":"normal-width-container","site-content-style":"unboxed","site-sidebar-style":"unboxed","ast-global-header-display":"","ast-banner-title-visibility":"","ast-main-header-display":"","ast-hfb-above-header-display":"","ast-hfb-below-header-display":"","ast-hfb-mobile-header-display":"","site-post-title":"disabled","ast-breadcrumbs-content":"","ast-featured-img":"disabled","footer-sml-layout":"","theme-transparent-header-meta":"enabled","adv-header-id-meta":"","stick-header-meta":"","header-above-stick-meta":"","header-main-stick-meta":"","header-below-stick-meta":"","astra-migrate-meta-layouts":"set","ast-page-background-enabled":"default","ast-page-background-meta":{"desktop":{"background-color":"","background-image":"","background-repeat":"repeat","background-position":"center center","background-size":"auto","background-attachment":"scroll","background-type":"","background-media":"","overlay-type":"","overlay-color":"","overlay-opacity":"","overlay-gradient":""},"tablet":{"background-color":"","background-image":"","background-repeat":"repeat","background-position":"center center","background-size":"auto","background-attachment":"scroll","background-type":"","background-media":"","overlay-type":"","overlay-color":"","overlay-opacity":"","overlay-gradient":""},"mobile":{"background-color":"","background-image":"","background-repeat":"repeat","background-position":"center center","background-size":"auto","background-attachment":"scroll","background-type":"","background-media":"","overlay-type":"","overlay-color":"","overlay-opacity":"","overlay-gradient":""}},"ast-content-background-meta":{"desktop":{"background-color":"var(--ast-global-color-5)","background-image":"","background-repeat":"repeat","background-position":"center center","background-size":"auto","background-attachment":"scroll","background-type":"","background-media":"","overlay-type":"","overlay-color":"","overlay-opacity":"","overlay-gradient":""},"tablet":{"background-color":"var(--ast-global-color-5)","background-image":"","background-repeat":"repeat","background-position":"center center","background-size":"auto","background-attachment":"scroll","background-type":"","background-media":"","overlay-type":"","overlay-color":"","overlay-opacity":"","overlay-gradient":""},"mobile":{"background-color":"var(--ast-global-color-5)","background-image":"","background-repeat":"repeat","background-position":"center center","background-size":"auto","background-attachment":"scroll","background-type":"","background-media":"","overlay-type":"","overlay-color":"","overlay-opacity":"","overlay-gradient":""}},"footnotes":""},"class_list":["post-1639","page","type-page","status-publish","hentry"],"uagb_featured_image_src":{"full":false,"thumbnail":false,"medium":false,"medium_large":false,"large":false,"1536x1536":false,"2048x2048":false,"trp-custom-language-flag":false},"uagb_author_info":{"display_name":"adrien","author_link":"https:\/\/adriensautier.com\/fr\/author\/test\/"},"uagb_comment_info":0,"uagb_excerpt":"\u2190 Back Gallery : Fin des Glaces Glacial tongues, firns, chasms and moraines at twilight (BE\/UR).","_links":{"self":[{"href":"https:\/\/adriensautier.com\/fr\/wp-json\/wp\/v2\/pages\/1639","targetHints":{"allow":["GET"]}}],"collection":[{"href":"https:\/\/adriensautier.com\/fr\/wp-json\/wp\/v2\/pages"}],"about":[{"href":"https:\/\/adriensautier.com\/fr\/wp-json\/wp\/v2\/types\/page"}],"author":[{"embeddable":true,"href":"https:\/\/adriensautier.com\/fr\/wp-json\/wp\/v2\/users\/1"}],"replies":[{"embeddable":true,"href":"https:\/\/adriensautier.com\/fr\/wp-json\/wp\/v2\/comments?post=1639"}],"version-history":[{"count":47,"href":"https:\/\/adriensautier.com\/fr\/wp-json\/wp\/v2\/pages\/1639\/revisions"}],"predecessor-version":[{"id":2476,"href":"https:\/\/adriensautier.com\/fr\/wp-json\/wp\/v2\/pages\/1639\/revisions\/2476"}],"wp:attachment":[{"href":"https:\/\/adriensautier.com\/fr\/wp-json\/wp\/v2\/media?parent=1639"}],"curies":[{"name":"wp","href":"https:\/\/api.w.org\/{rel}","templated":true}]}}