{"id":1396,"date":"2024-06-15T10:15:31","date_gmt":"2024-06-15T10:15:31","guid":{"rendered":"http:\/\/localhost:10011\/?page_id=1396"},"modified":"2025-01-06T16:30:14","modified_gmt":"2025-01-06T15:30:14","slug":"photography","status":"publish","type":"page","link":"https:\/\/adriensautier.com\/fr\/photography\/","title":{"rendered":"Photography"},"content":{"rendered":"<div data-elementor-type=\"wp-page\" data-elementor-id=\"1396\" class=\"elementor elementor-1396\">\n\t\t\t\t<div class=\"elementor-element elementor-element-35d8a15a e-con-full e-flex e-con e-parent\" data-id=\"35d8a15a\" data-element_type=\"container\">\n\t\t<div class=\"elementor-element elementor-element-39aac48 e-grid e-con-boxed e-con e-child\" data-id=\"39aac48\" data-element_type=\"container\">\n\t\t\t\t\t<div class=\"e-con-inner\">\n\t\t<div class=\"elementor-element elementor-element-c4aa475 e-con-full e-flex e-con e-child\" data-id=\"c4aa475\" data-element_type=\"container\">\n\t\t\t\t<div class=\"elementor-element elementor-element-fab422b elementor-widget elementor-widget-image\" data-id=\"fab422b\" data-element_type=\"widget\" data-widget_type=\"image.default\">\n\t\t\t\t<div class=\"elementor-widget-container\">\n\t\t\t\t\t\t\t\t\t\t\t\t\t\t\t\t<a href=\"https:\/\/adriensautier.com\/fr\/dendrologos\/\">\n\t\t\t\t\t\t\t<img fetchpriority=\"high\" decoding=\"async\" width=\"1453\" height=\"1536\" src=\"https:\/\/adriensautier.com\/wp-content\/uploads\/2024\/10\/Dendrologos-8-1453x1536.jpg\" class=\"attachment-1536x1536 size-1536x1536 wp-image-2140\" alt=\"\" srcset=\"https:\/\/adriensautier.com\/wp-content\/uploads\/2024\/10\/Dendrologos-8-1453x1536.jpg 1453w, https:\/\/adriensautier.com\/wp-content\/uploads\/2024\/10\/Dendrologos-8-284x300.jpg 284w, https:\/\/adriensautier.com\/wp-content\/uploads\/2024\/10\/Dendrologos-8-968x1024.jpg 968w, https:\/\/adriensautier.com\/wp-content\/uploads\/2024\/10\/Dendrologos-8-768x812.jpg 768w, https:\/\/adriensautier.com\/wp-content\/uploads\/2024\/10\/Dendrologos-8-1937x2048.jpg 1937w\" sizes=\"(max-width: 1453px) 100vw, 1453px\" \/>\t\t\t\t\t\t\t\t<\/a>\n\t\t\t\t\t\t\t\t\t\t\t\t\t\t\t<\/div>\n\t\t\t\t<\/div>\n\t\t\t\t<div class=\"elementor-element elementor-element-033a2ab elementor-widget elementor-widget-text-editor\" data-id=\"033a2ab\" data-element_type=\"widget\" data-widget_type=\"text-editor.default\">\n\t\t\t\t<div class=\"elementor-widget-container\">\n\t\t\t\t\t\t\t\t\t<p>Dendrologos<\/p>\t\t\t\t\t\t\t\t<\/div>\n\t\t\t\t<\/div>\n\t\t\t\t<\/div>\n\t\t<div class=\"elementor-element elementor-element-f14d8dd e-con-full e-flex e-con e-child\" data-id=\"f14d8dd\" data-element_type=\"container\">\n\t\t\t\t<div class=\"elementor-element elementor-element-7ef2141 elementor-widget elementor-widget-image\" data-id=\"7ef2141\" data-element_type=\"widget\" data-widget_type=\"image.default\">\n\t\t\t\t<div class=\"elementor-widget-container\">\n\t\t\t\t\t\t\t\t\t\t\t\t\t\t\t\t<a href=\"https:\/\/adriensautier.com\/fr\/grenat\/\">\n\t\t\t\t\t\t\t<img decoding=\"async\" width=\"1536\" height=\"1230\" src=\"https:\/\/adriensautier.com\/wp-content\/uploads\/2024\/10\/grenat-4-e1729716396529-1536x1230.jpg\" class=\"attachment-1536x1536 size-1536x1536 wp-image-1663\" alt=\"\" srcset=\"https:\/\/adriensautier.com\/wp-content\/uploads\/2024\/10\/grenat-4-e1729716396529-1536x1230.jpg 1536w, https:\/\/adriensautier.com\/wp-content\/uploads\/2024\/10\/grenat-4-e1729716396529-300x240.jpg 300w, https:\/\/adriensautier.com\/wp-content\/uploads\/2024\/10\/grenat-4-e1729716396529-1024x820.jpg 1024w, https:\/\/adriensautier.com\/wp-content\/uploads\/2024\/10\/grenat-4-e1729716396529-768x615.jpg 768w, https:\/\/adriensautier.com\/wp-content\/uploads\/2024\/10\/grenat-4-e1729716396529-2048x1639.jpg 2048w, https:\/\/adriensautier.com\/wp-content\/uploads\/2024\/10\/grenat-4-e1729716396529-15x12.jpg 15w\" sizes=\"(max-width: 1536px) 100vw, 1536px\" \/>\t\t\t\t\t\t\t\t<\/a>\n\t\t\t\t\t\t\t\t\t\t\t\t\t\t\t<\/div>\n\t\t\t\t<\/div>\n\t\t\t\t<div class=\"elementor-element elementor-element-f7b6d8f elementor-widget elementor-widget-text-editor\" data-id=\"f7b6d8f\" data-element_type=\"widget\" data-widget_type=\"text-editor.default\">\n\t\t\t\t<div class=\"elementor-widget-container\">\n\t\t\t\t\t\t\t\t\t<p>Grenat<\/p>\t\t\t\t\t\t\t\t<\/div>\n\t\t\t\t<\/div>\n\t\t\t\t<\/div>\n\t\t<div class=\"elementor-element elementor-element-213dec8 e-con-full e-flex e-con e-child\" data-id=\"213dec8\" data-element_type=\"container\">\n\t\t\t\t<div class=\"elementor-element elementor-element-c99ac57 elementor-widget elementor-widget-image\" data-id=\"c99ac57\" data-element_type=\"widget\" data-widget_type=\"image.default\">\n\t\t\t\t<div class=\"elementor-widget-container\">\n\t\t\t\t\t\t\t\t\t\t\t\t\t\t\t\t<a href=\"https:\/\/adriensautier.com\/fr\/fadetogrey\/\">\n\t\t\t\t\t\t\t<img decoding=\"async\" width=\"1536\" height=\"1024\" src=\"https:\/\/adriensautier.com\/wp-content\/uploads\/2024\/10\/ftg-1-1536x1024.jpg\" class=\"attachment-1536x1536 size-1536x1536 wp-image-1828\" alt=\"\" srcset=\"https:\/\/adriensautier.com\/wp-content\/uploads\/2024\/10\/ftg-1-1536x1024.jpg 1536w, https:\/\/adriensautier.com\/wp-content\/uploads\/2024\/10\/ftg-1-300x200.jpg 300w, https:\/\/adriensautier.com\/wp-content\/uploads\/2024\/10\/ftg-1-1024x683.jpg 1024w, https:\/\/adriensautier.com\/wp-content\/uploads\/2024\/10\/ftg-1-768x512.jpg 768w, https:\/\/adriensautier.com\/wp-content\/uploads\/2024\/10\/ftg-1-2048x1366.jpg 2048w\" sizes=\"(max-width: 1536px) 100vw, 1536px\" \/>\t\t\t\t\t\t\t\t<\/a>\n\t\t\t\t\t\t\t\t\t\t\t\t\t\t\t<\/div>\n\t\t\t\t<\/div>\n\t\t\t\t<div class=\"elementor-element elementor-element-f67cf03 elementor-widget elementor-widget-text-editor\" data-id=\"f67cf03\" data-element_type=\"widget\" data-widget_type=\"text-editor.default\">\n\t\t\t\t<div class=\"elementor-widget-container\">\n\t\t\t\t\t\t\t\t\t<p>Fade to Grey<\/p>\t\t\t\t\t\t\t\t<\/div>\n\t\t\t\t<\/div>\n\t\t\t\t<\/div>\n\t\t<div class=\"elementor-element elementor-element-69627eb e-con-full e-flex e-con e-child\" data-id=\"69627eb\" data-element_type=\"container\">\n\t\t\t\t<div class=\"elementor-element elementor-element-04cf274 elementor-widget elementor-widget-image\" data-id=\"04cf274\" data-element_type=\"widget\" data-widget_type=\"image.default\">\n\t\t\t\t<div class=\"elementor-widget-container\">\n\t\t\t\t\t\t\t\t\t\t\t\t\t\t\t\t<a href=\"https:\/\/adriensautier.com\/fr\/filrouge\/\">\n\t\t\t\t\t\t\t<img loading=\"lazy\" decoding=\"async\" width=\"1536\" height=\"1024\" src=\"https:\/\/adriensautier.com\/wp-content\/uploads\/2024\/10\/Fil-rouge-1-1536x1024.jpg\" class=\"attachment-1536x1536 size-1536x1536 wp-image-1830\" alt=\"\" srcset=\"https:\/\/adriensautier.com\/wp-content\/uploads\/2024\/10\/Fil-rouge-1-1536x1024.jpg 1536w, https:\/\/adriensautier.com\/wp-content\/uploads\/2024\/10\/Fil-rouge-1-300x200.jpg 300w, https:\/\/adriensautier.com\/wp-content\/uploads\/2024\/10\/Fil-rouge-1-1024x683.jpg 1024w, https:\/\/adriensautier.com\/wp-content\/uploads\/2024\/10\/Fil-rouge-1-768x512.jpg 768w, https:\/\/adriensautier.com\/wp-content\/uploads\/2024\/10\/Fil-rouge-1-2048x1366.jpg 2048w\" sizes=\"(max-width: 1536px) 100vw, 1536px\" \/>\t\t\t\t\t\t\t\t<\/a>\n\t\t\t\t\t\t\t\t\t\t\t\t\t\t\t<\/div>\n\t\t\t\t<\/div>\n\t\t\t\t<div class=\"elementor-element elementor-element-974f4ff elementor-widget elementor-widget-text-editor\" data-id=\"974f4ff\" data-element_type=\"widget\" data-widget_type=\"text-editor.default\">\n\t\t\t\t<div class=\"elementor-widget-container\">\n\t\t\t\t\t\t\t\t\t<p>Fil rouge<\/p>\t\t\t\t\t\t\t\t<\/div>\n\t\t\t\t<\/div>\n\t\t\t\t<\/div>\n\t\t<div class=\"elementor-element elementor-element-fbfdaa7 e-con-full e-flex e-con e-child\" data-id=\"fbfdaa7\" data-element_type=\"container\">\n\t\t\t\t<div class=\"elementor-element elementor-element-cdaa023 elementor-widget elementor-widget-image\" data-id=\"cdaa023\" data-element_type=\"widget\" data-widget_type=\"image.default\">\n\t\t\t\t<div class=\"elementor-widget-container\">\n\t\t\t\t\t\t\t\t\t\t\t\t\t\t\t\t<a href=\"https:\/\/adriensautier.com\/fr\/dossenhohe\/\">\n\t\t\t\t\t\t\t<img loading=\"lazy\" decoding=\"async\" width=\"1536\" height=\"768\" src=\"https:\/\/adriensautier.com\/wp-content\/uploads\/2024\/10\/dossenhohe-4-1536x768.jpg\" class=\"attachment-1536x1536 size-1536x1536 wp-image-2084\" alt=\"\" srcset=\"https:\/\/adriensautier.com\/wp-content\/uploads\/2024\/10\/dossenhohe-4-1536x768.jpg 1536w, https:\/\/adriensautier.com\/wp-content\/uploads\/2024\/10\/dossenhohe-4-300x150.jpg 300w, https:\/\/adriensautier.com\/wp-content\/uploads\/2024\/10\/dossenhohe-4-1024x512.jpg 1024w, https:\/\/adriensautier.com\/wp-content\/uploads\/2024\/10\/dossenhohe-4-768x384.jpg 768w, https:\/\/adriensautier.com\/wp-content\/uploads\/2024\/10\/dossenhohe-4-2048x1024.jpg 2048w\" sizes=\"(max-width: 1536px) 100vw, 1536px\" \/>\t\t\t\t\t\t\t\t<\/a>\n\t\t\t\t\t\t\t\t\t\t\t\t\t\t\t<\/div>\n\t\t\t\t<\/div>\n\t\t\t\t<div class=\"elementor-element elementor-element-3b9e54f elementor-widget elementor-widget-text-editor\" data-id=\"3b9e54f\" data-element_type=\"widget\" data-widget_type=\"text-editor.default\">\n\t\t\t\t<div class=\"elementor-widget-container\">\n\t\t\t\t\t\t\t\t\t<p>Dossenh\u00f6he<\/p>\t\t\t\t\t\t\t\t<\/div>\n\t\t\t\t<\/div>\n\t\t\t\t<\/div>\n\t\t<div class=\"elementor-element elementor-element-ef1e72b e-con-full e-flex e-con e-child\" data-id=\"ef1e72b\" data-element_type=\"container\">\n\t\t\t\t<div class=\"elementor-element elementor-element-21b00d7 elementor-widget elementor-widget-image\" data-id=\"21b00d7\" data-element_type=\"widget\" data-widget_type=\"image.default\">\n\t\t\t\t<div class=\"elementor-widget-container\">\n\t\t\t\t\t\t\t\t\t\t\t\t\t\t\t\t<a href=\"https:\/\/adriensautier.com\/fr\/fauna\/\">\n\t\t\t\t\t\t\t<img loading=\"lazy\" decoding=\"async\" width=\"1536\" height=\"1024\" src=\"https:\/\/adriensautier.com\/wp-content\/uploads\/2024\/10\/fauna-2-1-1536x1024.jpg\" class=\"attachment-1536x1536 size-1536x1536 wp-image-1829\" alt=\"\" srcset=\"https:\/\/adriensautier.com\/wp-content\/uploads\/2024\/10\/fauna-2-1-1536x1024.jpg 1536w, https:\/\/adriensautier.com\/wp-content\/uploads\/2024\/10\/fauna-2-1-300x200.jpg 300w, https:\/\/adriensautier.com\/wp-content\/uploads\/2024\/10\/fauna-2-1-1024x683.jpg 1024w, https:\/\/adriensautier.com\/wp-content\/uploads\/2024\/10\/fauna-2-1-768x512.jpg 768w, https:\/\/adriensautier.com\/wp-content\/uploads\/2024\/10\/fauna-2-1-2048x1366.jpg 2048w\" sizes=\"(max-width: 1536px) 100vw, 1536px\" \/>\t\t\t\t\t\t\t\t<\/a>\n\t\t\t\t\t\t\t\t\t\t\t\t\t\t\t<\/div>\n\t\t\t\t<\/div>\n\t\t\t\t<div class=\"elementor-element elementor-element-fad7a06 elementor-widget elementor-widget-text-editor\" data-id=\"fad7a06\" data-element_type=\"widget\" data-widget_type=\"text-editor.default\">\n\t\t\t\t<div class=\"elementor-widget-container\">\n\t\t\t\t\t\t\t\t\t<p>Fauna<\/p>\t\t\t\t\t\t\t\t<\/div>\n\t\t\t\t<\/div>\n\t\t\t\t<\/div>\n\t\t<div class=\"elementor-element elementor-element-64f73e0 e-con-full e-flex e-con e-child\" data-id=\"64f73e0\" data-element_type=\"container\">\n\t\t\t\t<div class=\"elementor-element elementor-element-796c85d elementor-widget elementor-widget-image\" data-id=\"796c85d\" data-element_type=\"widget\" data-widget_type=\"image.default\">\n\t\t\t\t<div class=\"elementor-widget-container\">\n\t\t\t\t\t\t\t\t\t\t\t\t\t\t\t\t<a href=\"https:\/\/adriensautier.com\/fr\/abumpliz\/\">\n\t\t\t\t\t\t\t<img loading=\"lazy\" decoding=\"async\" width=\"1536\" height=\"1536\" src=\"https:\/\/adriensautier.com\/wp-content\/uploads\/2024\/10\/bumpliz-6-1536x1536.jpg\" class=\"attachment-1536x1536 size-1536x1536 wp-image-2123\" alt=\"\" srcset=\"https:\/\/adriensautier.com\/wp-content\/uploads\/2024\/10\/bumpliz-6-1536x1536.jpg 1536w, https:\/\/adriensautier.com\/wp-content\/uploads\/2024\/10\/bumpliz-6-300x300.jpg 300w, https:\/\/adriensautier.com\/wp-content\/uploads\/2024\/10\/bumpliz-6-1024x1024.jpg 1024w, https:\/\/adriensautier.com\/wp-content\/uploads\/2024\/10\/bumpliz-6-150x150.jpg 150w, https:\/\/adriensautier.com\/wp-content\/uploads\/2024\/10\/bumpliz-6-768x768.jpg 768w, https:\/\/adriensautier.com\/wp-content\/uploads\/2024\/10\/bumpliz-6-2048x2048.jpg 2048w\" sizes=\"(max-width: 1536px) 100vw, 1536px\" \/>\t\t\t\t\t\t\t\t<\/a>\n\t\t\t\t\t\t\t\t\t\t\t\t\t\t\t<\/div>\n\t\t\t\t<\/div>\n\t\t\t\t<div class=\"elementor-element elementor-element-d449d28 elementor-widget elementor-widget-text-editor\" data-id=\"d449d28\" data-element_type=\"widget\" data-widget_type=\"text-editor.default\">\n\t\t\t\t<div class=\"elementor-widget-container\">\n\t\t\t\t\t\t\t\t\t<p>\u00c0 B\u00fcmpliz derri\u00e8re la lune<\/p>\t\t\t\t\t\t\t\t<\/div>\n\t\t\t\t<\/div>\n\t\t\t\t<\/div>\n\t\t<div class=\"elementor-element elementor-element-e854c00 e-con-full e-flex e-con e-child\" data-id=\"e854c00\" data-element_type=\"container\">\n\t\t\t\t<div class=\"elementor-element elementor-element-ad10507 elementor-widget elementor-widget-image\" data-id=\"ad10507\" data-element_type=\"widget\" data-widget_type=\"image.default\">\n\t\t\t\t<div class=\"elementor-widget-container\">\n\t\t\t\t\t\t\t\t\t\t\t\t\t\t\t\t<a href=\"https:\/\/adriensautier.com\/fr\/fin-des-glaces\/\">\n\t\t\t\t\t\t\t<img loading=\"lazy\" decoding=\"async\" width=\"1536\" height=\"1024\" src=\"https:\/\/adriensautier.com\/wp-content\/uploads\/2024\/10\/glace-7-1536x1024.jpg\" class=\"attachment-1536x1536 size-1536x1536 wp-image-1694\" alt=\"\" srcset=\"https:\/\/adriensautier.com\/wp-content\/uploads\/2024\/10\/glace-7-1536x1024.jpg 1536w, https:\/\/adriensautier.com\/wp-content\/uploads\/2024\/10\/glace-7-300x200.jpg 300w, https:\/\/adriensautier.com\/wp-content\/uploads\/2024\/10\/glace-7-1024x683.jpg 1024w, https:\/\/adriensautier.com\/wp-content\/uploads\/2024\/10\/glace-7-768x512.jpg 768w, https:\/\/adriensautier.com\/wp-content\/uploads\/2024\/10\/glace-7-2048x1366.jpg 2048w\" sizes=\"(max-width: 1536px) 100vw, 1536px\" \/>\t\t\t\t\t\t\t\t<\/a>\n\t\t\t\t\t\t\t\t\t\t\t\t\t\t\t<\/div>\n\t\t\t\t<\/div>\n\t\t\t\t<div class=\"elementor-element elementor-element-9e2f67b elementor-widget elementor-widget-text-editor\" data-id=\"9e2f67b\" data-element_type=\"widget\" data-widget_type=\"text-editor.default\">\n\t\t\t\t<div class=\"elementor-widget-container\">\n\t\t\t\t\t\t\t\t\t<p>Fin des glaces<\/p>\t\t\t\t\t\t\t\t<\/div>\n\t\t\t\t<\/div>\n\t\t\t\t<\/div>\n\t\t<div class=\"elementor-element elementor-element-6a22fdb e-con-full e-flex e-con e-child\" data-id=\"6a22fdb\" data-element_type=\"container\">\n\t\t\t\t<div class=\"elementor-element elementor-element-165f227 elementor-widget elementor-widget-image\" data-id=\"165f227\" data-element_type=\"widget\" data-widget_type=\"image.default\">\n\t\t\t\t<div class=\"elementor-widget-container\">\n\t\t\t\t\t\t\t\t\t\t\t\t\t\t\t\t<a href=\"https:\/\/adriensautier.com\/fr\/humus\/\">\n\t\t\t\t\t\t\t<img loading=\"lazy\" decoding=\"async\" width=\"1536\" height=\"1024\" src=\"https:\/\/adriensautier.com\/wp-content\/uploads\/2024\/10\/humus-2-1536x1024.jpg\" class=\"attachment-1536x1536 size-1536x1536 wp-image-1650\" alt=\"\" srcset=\"https:\/\/adriensautier.com\/wp-content\/uploads\/2024\/10\/humus-2-1536x1024.jpg 1536w, https:\/\/adriensautier.com\/wp-content\/uploads\/2024\/10\/humus-2-300x200.jpg 300w, https:\/\/adriensautier.com\/wp-content\/uploads\/2024\/10\/humus-2-1024x683.jpg 1024w, https:\/\/adriensautier.com\/wp-content\/uploads\/2024\/10\/humus-2-768x512.jpg 768w, https:\/\/adriensautier.com\/wp-content\/uploads\/2024\/10\/humus-2-2048x1366.jpg 2048w\" sizes=\"(max-width: 1536px) 100vw, 1536px\" \/>\t\t\t\t\t\t\t\t<\/a>\n\t\t\t\t\t\t\t\t\t\t\t\t\t\t\t<\/div>\n\t\t\t\t<\/div>\n\t\t\t\t<div class=\"elementor-element elementor-element-95ed8fd elementor-widget elementor-widget-text-editor\" data-id=\"95ed8fd\" data-element_type=\"widget\" data-widget_type=\"text-editor.default\">\n\t\t\t\t<div class=\"elementor-widget-container\">\n\t\t\t\t\t\t\t\t\t<p>Humus<\/p>\t\t\t\t\t\t\t\t<\/div>\n\t\t\t\t<\/div>\n\t\t\t\t<\/div>\n\t\t<div class=\"elementor-element elementor-element-c601b46 e-con-full e-flex e-con e-child\" data-id=\"c601b46\" data-element_type=\"container\">\n\t\t\t\t<div class=\"elementor-element elementor-element-94e991f elementor-widget elementor-widget-image\" data-id=\"94e991f\" data-element_type=\"widget\" data-widget_type=\"image.default\">\n\t\t\t\t<div class=\"elementor-widget-container\">\n\t\t\t\t\t\t\t\t\t\t\t\t\t\t\t\t<a href=\"https:\/\/adriensautier.com\/fr\/turtmann\/\">\n\t\t\t\t\t\t\t<img loading=\"lazy\" decoding=\"async\" width=\"1536\" height=\"1019\" src=\"https:\/\/adriensautier.com\/wp-content\/uploads\/2024\/10\/Turtmann-6-1536x1019.jpg\" class=\"attachment-1536x1536 size-1536x1536 wp-image-1703\" alt=\"\" srcset=\"https:\/\/adriensautier.com\/wp-content\/uploads\/2024\/10\/Turtmann-6-1536x1019.jpg 1536w, https:\/\/adriensautier.com\/wp-content\/uploads\/2024\/10\/Turtmann-6-300x199.jpg 300w, https:\/\/adriensautier.com\/wp-content\/uploads\/2024\/10\/Turtmann-6-1024x679.jpg 1024w, https:\/\/adriensautier.com\/wp-content\/uploads\/2024\/10\/Turtmann-6-768x509.jpg 768w, https:\/\/adriensautier.com\/wp-content\/uploads\/2024\/10\/Turtmann-6-2048x1358.jpg 2048w\" sizes=\"(max-width: 1536px) 100vw, 1536px\" \/>\t\t\t\t\t\t\t\t<\/a>\n\t\t\t\t\t\t\t\t\t\t\t\t\t\t\t<\/div>\n\t\t\t\t<\/div>\n\t\t\t\t<div class=\"elementor-element elementor-element-51bce20 elementor-widget elementor-widget-text-editor\" data-id=\"51bce20\" data-element_type=\"widget\" data-widget_type=\"text-editor.default\">\n\t\t\t\t<div class=\"elementor-widget-container\">\n\t\t\t\t\t\t\t\t\t<p>Turtmann<\/p>\t\t\t\t\t\t\t\t<\/div>\n\t\t\t\t<\/div>\n\t\t\t\t<\/div>\n\t\t<div class=\"elementor-element elementor-element-a94b26c e-con-full e-flex e-con e-child\" data-id=\"a94b26c\" data-element_type=\"container\">\n\t\t\t\t<div class=\"elementor-element elementor-element-e4ed662 elementor-widget elementor-widget-image\" data-id=\"e4ed662\" data-element_type=\"widget\" data-widget_type=\"image.default\">\n\t\t\t\t<div class=\"elementor-widget-container\">\n\t\t\t\t\t\t\t\t\t\t\t\t\t\t\t\t<a href=\"https:\/\/adriensautier.com\/fr\/nonpoint\/\">\n\t\t\t\t\t\t\t<img loading=\"lazy\" decoding=\"async\" width=\"1536\" height=\"1024\" src=\"https:\/\/adriensautier.com\/wp-content\/uploads\/2024\/10\/np-5-1536x1024.jpg\" class=\"attachment-1536x1536 size-1536x1536 wp-image-2058\" alt=\"\" srcset=\"https:\/\/adriensautier.com\/wp-content\/uploads\/2024\/10\/np-5-1536x1024.jpg 1536w, https:\/\/adriensautier.com\/wp-content\/uploads\/2024\/10\/np-5-300x200.jpg 300w, https:\/\/adriensautier.com\/wp-content\/uploads\/2024\/10\/np-5-1024x683.jpg 1024w, https:\/\/adriensautier.com\/wp-content\/uploads\/2024\/10\/np-5-768x512.jpg 768w, https:\/\/adriensautier.com\/wp-content\/uploads\/2024\/10\/np-5-2048x1366.jpg 2048w\" sizes=\"(max-width: 1536px) 100vw, 1536px\" \/>\t\t\t\t\t\t\t\t<\/a>\n\t\t\t\t\t\t\t\t\t\t\t\t\t\t\t<\/div>\n\t\t\t\t<\/div>\n\t\t\t\t<div class=\"elementor-element elementor-element-5b58f02 elementor-widget elementor-widget-text-editor\" data-id=\"5b58f02\" data-element_type=\"widget\" data-widget_type=\"text-editor.default\">\n\t\t\t\t<div class=\"elementor-widget-container\">\n\t\t\t\t\t\t\t\t\t<p>non point<\/p>\t\t\t\t\t\t\t\t<\/div>\n\t\t\t\t<\/div>\n\t\t\t\t<\/div>\n\t\t<div class=\"elementor-element elementor-element-8d5246e e-con-full e-flex e-con e-child\" data-id=\"8d5246e\" data-element_type=\"container\">\n\t\t\t\t<div class=\"elementor-element elementor-element-4d3252e elementor-widget elementor-widget-image\" data-id=\"4d3252e\" data-element_type=\"widget\" data-widget_type=\"image.default\">\n\t\t\t\t<div class=\"elementor-widget-container\">\n\t\t\t\t\t\t\t\t\t\t\t\t\t\t\t\t<a href=\"https:\/\/adriensautier.com\/fr\/kahlschlag\/\">\n\t\t\t\t\t\t\t<img loading=\"lazy\" decoding=\"async\" width=\"1536\" height=\"1024\" src=\"https:\/\/adriensautier.com\/wp-content\/uploads\/2024\/10\/Kahlschlag-1-1-1536x1024.jpg\" class=\"attachment-1536x1536 size-1536x1536 wp-image-1837\" alt=\"\" srcset=\"https:\/\/adriensautier.com\/wp-content\/uploads\/2024\/10\/Kahlschlag-1-1-1536x1024.jpg 1536w, https:\/\/adriensautier.com\/wp-content\/uploads\/2024\/10\/Kahlschlag-1-1-300x200.jpg 300w, https:\/\/adriensautier.com\/wp-content\/uploads\/2024\/10\/Kahlschlag-1-1-1024x683.jpg 1024w, https:\/\/adriensautier.com\/wp-content\/uploads\/2024\/10\/Kahlschlag-1-1-768x512.jpg 768w, https:\/\/adriensautier.com\/wp-content\/uploads\/2024\/10\/Kahlschlag-1-1-2048x1366.jpg 2048w\" sizes=\"(max-width: 1536px) 100vw, 1536px\" \/>\t\t\t\t\t\t\t\t<\/a>\n\t\t\t\t\t\t\t\t\t\t\t\t\t\t\t<\/div>\n\t\t\t\t<\/div>\n\t\t\t\t<div class=\"elementor-element elementor-element-961480a elementor-widget elementor-widget-text-editor\" data-id=\"961480a\" data-element_type=\"widget\" data-widget_type=\"text-editor.default\">\n\t\t\t\t<div class=\"elementor-widget-container\">\n\t\t\t\t\t\t\t\t\t<p>Kahlschlag<\/p>\t\t\t\t\t\t\t\t<\/div>\n\t\t\t\t<\/div>\n\t\t\t\t<\/div>\n\t\t\t\t\t<\/div>\n\t\t\t\t<\/div>\n\t\t\t\t<\/div>\n\t\t\t\t<\/div>","protected":false},"excerpt":{"rendered":"<p>Dendrologos Garnet Fade to Grey Fil rouge Dossenh\u00f6he Fauna \u00c0 B\u00fcmpliz derri\u00e8re la lune Fin des glaces Humus Turtmann non point Kahlschlag<\/p>","protected":false},"author":1,"featured_media":0,"parent":0,"menu_order":0,"comment_status":"closed","ping_status":"closed","template":"","meta":{"_uag_custom_page_level_css":"","site-sidebar-layout":"no-sidebar","site-content-layout":"plain-container","ast-site-content-layout":"normal-width-container","site-content-style":"unboxed","site-sidebar-style":"unboxed","ast-global-header-display":"","ast-banner-title-visibility":"","ast-main-header-display":"","ast-hfb-above-header-display":"","ast-hfb-below-header-display":"","ast-hfb-mobile-header-display":"","site-post-title":"disabled","ast-breadcrumbs-content":"","ast-featured-img":"disabled","footer-sml-layout":"","theme-transparent-header-meta":"enabled","adv-header-id-meta":"","stick-header-meta":"","header-above-stick-meta":"","header-main-stick-meta":"","header-below-stick-meta":"","astra-migrate-meta-layouts":"set","ast-page-background-enabled":"default","ast-page-background-meta":{"desktop":{"background-color":"","background-image":"","background-repeat":"repeat","background-position":"center center","background-size":"auto","background-attachment":"scroll","background-type":"","background-media":"","overlay-type":"","overlay-color":"","overlay-opacity":"","overlay-gradient":""},"tablet":{"background-color":"","background-image":"","background-repeat":"repeat","background-position":"center center","background-size":"auto","background-attachment":"scroll","background-type":"","background-media":"","overlay-type":"","overlay-color":"","overlay-opacity":"","overlay-gradient":""},"mobile":{"background-color":"","background-image":"","background-repeat":"repeat","background-position":"center center","background-size":"auto","background-attachment":"scroll","background-type":"","background-media":"","overlay-type":"","overlay-color":"","overlay-opacity":"","overlay-gradient":""}},"ast-content-background-meta":{"desktop":{"background-color":"var(--ast-global-color-5)","background-image":"","background-repeat":"repeat","background-position":"center center","background-size":"auto","background-attachment":"scroll","background-type":"","background-media":"","overlay-type":"","overlay-color":"","overlay-opacity":"","overlay-gradient":""},"tablet":{"background-color":"var(--ast-global-color-5)","background-image":"","background-repeat":"repeat","background-position":"center center","background-size":"auto","background-attachment":"scroll","background-type":"","background-media":"","overlay-type":"","overlay-color":"","overlay-opacity":"","overlay-gradient":""},"mobile":{"background-color":"var(--ast-global-color-5)","background-image":"","background-repeat":"repeat","background-position":"center center","background-size":"auto","background-attachment":"scroll","background-type":"","background-media":"","overlay-type":"","overlay-color":"","overlay-opacity":"","overlay-gradient":""}},"footnotes":""},"class_list":["post-1396","page","type-page","status-publish","hentry"],"uagb_featured_image_src":{"full":false,"thumbnail":false,"medium":false,"medium_large":false,"large":false,"1536x1536":false,"2048x2048":false,"trp-custom-language-flag":false},"uagb_author_info":{"display_name":"adrien","author_link":"https:\/\/adriensautier.com\/fr\/author\/test\/"},"uagb_comment_info":0,"uagb_excerpt":"Dendrologos Garnet Fade to Grey Fil rouge Dossenh\u00f6he Fauna \u00c0 B\u00fcmpliz derri\u00e8re la lune Fin des glaces Humus Turtmann non point Kahlschlag","_links":{"self":[{"href":"https:\/\/adriensautier.com\/fr\/wp-json\/wp\/v2\/pages\/1396","targetHints":{"allow":["GET"]}}],"collection":[{"href":"https:\/\/adriensautier.com\/fr\/wp-json\/wp\/v2\/pages"}],"about":[{"href":"https:\/\/adriensautier.com\/fr\/wp-json\/wp\/v2\/types\/page"}],"author":[{"embeddable":true,"href":"https:\/\/adriensautier.com\/fr\/wp-json\/wp\/v2\/users\/1"}],"replies":[{"embeddable":true,"href":"https:\/\/adriensautier.com\/fr\/wp-json\/wp\/v2\/comments?post=1396"}],"version-history":[{"count":80,"href":"https:\/\/adriensautier.com\/fr\/wp-json\/wp\/v2\/pages\/1396\/revisions"}],"predecessor-version":[{"id":2496,"href":"https:\/\/adriensautier.com\/fr\/wp-json\/wp\/v2\/pages\/1396\/revisions\/2496"}],"wp:attachment":[{"href":"https:\/\/adriensautier.com\/fr\/wp-json\/wp\/v2\/media?parent=1396"}],"curies":[{"name":"wp","href":"https:\/\/api.w.org\/{rel}","templated":true}]}}